{"id":501,"date":"2023-12-05T14:19:43","date_gmt":"2023-12-05T17:19:43","guid":{"rendered":"http:\/\/noxious.com.br\/aprovacao\/tecla\/?page_id=501"},"modified":"2024-05-09T14:14:21","modified_gmt":"2024-05-09T17:14:21","slug":"somos","status":"publish","type":"page","link":"https:\/\/teclamusic.com\/en\/somos\/","title":{"rendered":"About us"},"content":{"rendered":"\r\n<section class=\"flex flex-col items-center justify-center pt-[24vw] pb-[7vw] lg:pb-0 lg:min-h-screen bg-tecladark lg:pt-[86px]\">\r\n    <h1 class=\"font-krok text-[13vw] mb-[15vw] lg:mb-[7vw] lg:text-[138px] text-center 3xl:mb-[164px] leading-none\">\r\n        <span class='ss03'>R<\/span><span class='ss01'>E<\/span>WI<span class='ss02'>N<\/span>DI<span class='ss02'>N<\/span><span class='ss01'>G<\/span> <br \/><span class='ss03'>T<\/span>H<span class='ss01'>E<\/span> <span class='ss03'>T<\/span><span class='ss01'>A<\/span><span class='ss02'>P<\/span><span class='ss01'>E<\/span>        <div class=\"inline-block text-[0px]\">\r\n            <span style=\"--delay: 0\" class=\"animation-bullets text-[13vw] lg:text-[138px]\">.<\/span>\r\n            <span style=\"--delay: .3s\" class=\"animation-bullets text-[13vw] lg:text-[138px]\">.<\/span>\r\n            <span style=\"--delay: .5s\" class=\" animation-bullets text-[13vw] lg:text-[138px]\">.<\/span>\r\n        <\/div>\r\n    <\/h1>\r\n\r\n    <p class=\"font-semibold italic text-[5vw] lg:text-[35px] text-center leading-none mb-[30px]\">\r\n        QUEM DIRIA QUE TUDO COME\u00c7OU EM<br \/>\nUMA SALINHA GAVANDO CD?<\/p>\n    <\/p>\r\n\r\n    <img decoding=\"async\" class=\"mx-auto\" src=\"https:\/\/teclamusic.com\/wp-content\/themes\/tecla-site2023\/assets\/images\/arrow-break-down.png\" alt=\"\">\r\n<\/section>\n\n\r\n<section>\r\n    <div class=\"container px-4 lg:px-[71px]\">\r\n        <img decoding=\"async\" class=\"mx-auto mb-[10vw] lg:mb-[155px]\" src=\"https:\/\/teclamusic.com\/wp-content\/themes\/tecla-site2023\/assets\/images\/somos\/somos.png\" alt=\"\">\r\n\r\n        <h3 class=\"text-[11vw] lg:text-[77px] text-center mb-8 lg:mb-16\">O ANO ERA <span class=\"font-bold text-tecladark bg-teclatexts\">2007<\/span><\/h3>\r\n\r\n        <div class=\"flex flex-col gap-[5vw] lg:gap-[58px] max-w-[1433px] w-[70%] mx-auto mb-[10vw] lg:mb-[138px] text-[3vw] lg:text-[28px] text-center uppercase\">\r\n            <p>quando <strong>Paulo Sattamini<\/strong> &#8211; <span class=\"italic font-semibold\">Paulinho ou Satta para os mais pr\u00f3ximos<\/span> &#8211; teve uma ideia. Enquanto aprendia a discotecar, j\u00e1 respons\u00e1vel pela trilha dos eventos dos seus amigos, Satta entendeu que a <strong>paix\u00e3o pela m\u00fasica<\/strong> poderia ser mais do que um hobby.<\/p>\n<p>Da ideia, nasceu um neg\u00f3cio: formado em publicidade, chamou L\u00e9o Hazan para, juntos, comandarem uma ag\u00eancia de <strong>music branding<\/strong> \u2013 o termo ainda nem existia pelas nossas bandas, na \u00e9poca. E assim eles criaram a <strong>primeira ag\u00eancia do tipo no Brasil<\/strong>, feita para ajudar marcas e pessoas a se conectarem atrav\u00e9s da m\u00fasica.<\/p>\n        <\/div>\r\n\r\n        <img decoding=\"async\" class=\"mx-auto\" src=\"https:\/\/teclamusic.com\/wp-content\/themes\/tecla-site2023\/assets\/images\/somos\/somos1.png\" alt=\"\">\r\n    <\/div>\r\n<\/section>\n\n\r\n<section class=\"pt-[20vw] pb-[10vw] lg:pt-[155px] lg:pb-[136px] g-words-tecla-music\">\r\n    <div class=\"container px-4 lg:px-[71px]\">\r\n        <h2 class=\"font-krok text-[12vw] lg:text-[129px] text-center uppercase mb-[8vw] lg:mb-[154px] leading-none\">\r\n        W<span class='ss01'>E<\/span><span class='ss04'>L<\/span><span class='ss04'>C<\/span>O<span class='ss03'>M<\/span><span class='ss01'>E<\/span> <span class='ss03'>T<\/span>O <span class='ss03'>T<\/span>H<span class='ss01'>E<\/span>                      <br \/>\r\n                    <span class=\"text-white transition-colors duration-300 hover:text-teclagreen g-tecla-music\">\r\n                        <span class='ss03'>T<\/span><span class='ss01'>E<\/span><span class='ss04'>C<\/span><span class='ss04'>L<\/span><span class='ss01'>A<\/span> <span class='ss03'>M<\/span>USI<span class='ss04'>C<\/span> <span class='ss01'>A<\/span><span class='ss01'>G<\/span><span class='ss01'>E<\/span><span class='ss02'>N<\/span><span class='ss04'>C<\/span><span class='ss03'>Y<\/span>                    <\/span>\r\n\r\n                        <\/h2>\r\n\r\n        <div class=\"flex flex-col gap-[5vw] lg:gap-[58px] max-w-[1433px] w-[70%] mx-auto mb-[10vw] lg:mb-[138px] text-[3vw] lg:text-[28px] text-center uppercase\">\r\n            <p><strong>Nascemos no Rio de Janeiro:<\/strong> nossa base \u00e9 carioca, nossa ess\u00eancia \u00e9 global. H\u00e1 quase 20 anos, pesquisamos ritmos e sons que embalam ideias e projetos para aqueles que entendem a m\u00fasica como uma <strong>poderosa ferramenta de comunica\u00e7\u00e3o<\/strong> &#8211; em qualquer formato, lugar e para qualquer pessoa.<\/p>\n<p>Durante esse tempo, nos tornamos um grupo <strong>multidisciplinar<\/strong>, uma rede de profissionais que v\u00e3o desde produtores de \u00e1udio a publicit\u00e1rios, e tamb\u00e9m desenvolvedores, designers, m\u00fasicos, pesquisadores, criadores de conte\u00fado e v\u00e1rios outros talentos reunidos &#8211; al\u00e9m claro, dos nossos maiores experts: os <strong>curadores musicais<\/strong>.<\/p>\n        <\/div>\r\n\r\n        <img decoding=\"async\" class=\"mx-auto mb-[10vw] lg:mb-[138px]\" src=\"https:\/\/teclamusic.com\/wp-content\/themes\/tecla-site2023\/assets\/images\/somos\/somos2.png\" alt=\"\">\r\n\r\n        <div class=\"flex flex-col gap-[5vw] lg:gap-[58px] max-w-[1433px] w-[70%] mx-auto mb-[10vw] lg:mb-[138px] text-[3vw] lg:text-[28px] text-center uppercase\">\r\n            <p>A diferen\u00e7a n\u00e3o est\u00e1 no que voc\u00ea faz, mas em como voc\u00ea faz. Por isso, somos todos <strong>apaixonados por m\u00fasica<\/strong>, prontos para planejar e entregar a <strong>trilha certa<\/strong> para o seu neg\u00f3cio.<\/p>\n<p>De 2007 pra c\u00e1 seguimos firmes com a mesma paix\u00e3o, resili\u00eancia e busca pela excel\u00eancia, orientando e impulsionando a nossa jornada e cultura:<\/p>\n        <\/div>\r\n\r\n        <h3 class=\"text-[10vw] lg:text-[77px] text-center mb-8 lg:mb-16 leading-normal\">\r\n            SEMPRE COMPARTILHANDO\r\n            <br \/>\r\n            <span class=\"font-bold text-tecladark bg-teclatexts\">BOAS VIBRA\u00c7\u00d5ES<\/span>\r\n        <\/h3>\r\n\r\n        <img decoding=\"async\" class=\"mx-auto mb-[10vw] lg:mb-[106px]\" src=\"https:\/\/teclamusic.com\/wp-content\/themes\/tecla-site2023\/assets\/images\/somos\/somos3.png\" alt=\"\">\r\n\r\n        <div class=\"max-w-[1433px] w-[70%] mx-auto text-[3vw] lg:text-[28px] text-center uppercase\">\r\n            <p>Voc\u00ea vai encontrar por aqui alguns dos <strong>trabalhos mais criativos que ganharam o mundo<\/strong> atrav\u00e9s dos nossos clientes e parceiros. E foi dif\u00edcil escolher, viu? \ud83d\ude09 Durante todo esse tempo, mudaram os formatos, experi\u00eancias e plataformas, mas uma coisa segue a mesma: M\u00daSICA \u00c9 MAIS DO QUE A NOSSA PAIX\u00c3O &#8211;<\/p>\n        <\/div>\r\n    <\/div>\r\n<\/section>\n\n\r\n<section id=\"heroSection\" class=\"pb-[10vw] lg:pb-[142px]\">\r\n    <div class=\"container px-4 lg:px-[71px]\">\r\n                    <h2 class=\"font-krok text-[12vw] lg:text-[11vw] xl:text-[144px] text-center uppercase mb-8 md:mb-[70px] leading-normal\">\r\n                <span class=\"font-bold text-tecladark bg-teclatexts font-proximanova\">OUR VIBE<\/span> IS\r\n                <div class=\"flex justify-center relative pl-[42%] lg:pl-[28%] xl:pl-0 xl:flex xl:items-center xl:gap-6\">\r\n                    <span class=\"absolute top-1\/2 left-0 w-[43%] lg:w-[27%] xl:w-[19vw] xl:max-w-[320px] xl:h-[9vh] max-h-[85px] h-[67%] -translate-y-1\/2 overflow-hidden xl:static xl:translate-y-0\">\r\n                        <svg xmlns=\"http:\/\/www.w3.org\/2000\/svg\" fill=\"none\" viewBox=\"0 0 700 91\" class=\"fill-current text-teclagreen max-h-[85px] h-[90%] xl:h-[9vh] g-wave\" preserveAspectRatio=\"none\">\n    <path fill-rule=\"evenodd\" d=\"M0 45.717v45.717l2.754-.686c4.599-1.146 8.54-4.878 15.498-14.676 8.853-12.465 11.856-15.255 16.426-15.255 4.222 0 8.167 3.799 17.663 17.013 6.476 9.012 10.282 12.275 15.259 13.081 7.632 1.237 11.958-1.991 23.068-17.214 12.883-17.653 16.216-17.56 29.843.831 4.639 6.261 9.861 12.398 11.606 13.638 8.064 5.734 16.513 2.812 24.805-8.578 9.53-13.092 12.489-16.484 15.722-18.023 5.718-2.723 8.83-.182 21.623 17.649 5.516 7.689 9.745 11.022 14.855 11.706 7.59 1.017 12.762-3.27 25.481-21.119 9.061-12.715 14.621-12.204 24.947 2.29 10.527 14.776 15.522 19.126 21.964 19.126 5.472 0 11.018-4.171 17.464-13.136 7.701-10.71 13.335-16.645 16.498-17.38 4.01-.932 8.747 3.066 16.651 14.056 8.628 11.996 14.367 16.91 18.732 16.038 4.725-.943 8.758-4.68 15.891-14.723 14.849-20.909 17.914-20.786 33.699 1.355 7.291 10.225 10.72 12.952 17.025 13.538 7.31.679 11.426-2.885 24.425-21.155 3.328-4.676 5.909-7.185 8.512-8.277 3.506-1.469 3.954-1.443 7.243.428 2.09 1.189 6.537 6.148 11.016 12.283 8.771 12.018 13.18 15.917 18.857 16.677 6.213.832 11.516-2.79 18.748-12.805 7.811-10.817 13.383-16.697 16.472-17.385 3.467-.772 8.336 2.453 12.285 8.136 12.501 17.99 18.45 23.057 25.895 22.06 5.738-.769 9.335-3.946 18.562-16.399 10.011-13.511 12.975-15.535 18.742-12.803 2.513 1.191 5.636 4.461 9.899 10.366 11.106 15.385 15.386 19.126 21.882 19.126 5.462 0 11.018-4.173 17.464-13.118 16.605-23.041 19.404-23.12 35.07-.998 6.296 8.891 10.216 12.529 14.7 13.647l2.754.686V0l-2.754.686c-4.598 1.146-8.539 4.878-15.498 14.676-8.853 12.465-11.856 15.255-16.426 15.255-4.222 0-8.167-3.799-17.663-17.013C641.183 4.592 637.377 1.329 632.4.523c-7.631-1.237-11.958 1.991-23.068 17.214-12.883 17.653-16.216 17.56-29.843-.831-4.639-6.261-9.861-12.398-11.606-13.638-8.064-5.734-16.513-2.812-24.805 8.578-9.53 13.092-12.489 16.484-15.722 18.023-5.718 2.723-8.83.182-21.623-17.649-5.516-7.689-9.745-11.022-14.855-11.706-7.59-1.017-12.762 3.27-25.481 21.119-9.061 12.715-14.621 12.204-24.947-2.29C429.923 4.567 424.928.217 418.486.217c-5.472 0-11.018 4.171-17.464 13.136-7.701 10.71-13.335 16.645-16.498 17.38-4.01.932-8.747-3.066-16.651-14.056C359.245 4.681 353.506-.233 349.141.639c-4.725.943-8.758 4.68-15.891 14.723-14.849 20.909-17.914 20.786-33.699-1.355-7.29-10.225-10.72-12.952-17.025-13.538-7.31-.679-11.426 2.885-24.425 21.155-3.328 4.676-5.909 7.185-8.512 8.277-3.506 1.469-3.954 1.443-7.243-.428-2.09-1.189-6.537-6.148-11.016-12.283C222.559 5.172 218.15 1.273 212.473.513c-6.213-.832-11.516 2.79-18.748 12.805-7.811 10.817-13.383 16.697-16.472 17.385-3.467.772-8.336-2.453-12.285-8.136C152.467 4.577 146.518-.49 139.073.507c-5.738.769-9.335 3.946-18.562 16.399-10.011 13.511-12.975 15.535-18.742 12.803-2.513-1.191-5.636-4.461-9.899-10.366C80.764 3.958 76.484.217 69.988.217c-5.462 0-11.018 4.173-17.464 13.118-16.605 23.041-19.404 23.12-35.07.998C11.158 5.442 7.238 1.804 2.754.686L0 0v45.717Z\" clip-rule=\"evenodd\" \/>\n<\/svg>                    <\/span>\r\n\r\n                    <span><span class='ss03'>M<\/span>USI<span class='ss04'>C<\/span><\/span>\r\n                <\/div>\r\n            <\/h2>\r\n        \r\n        <img decoding=\"async\" class=\"w-[110px] md:w-auto mx-auto\" src=\"https:\/\/teclamusic.com\/wp-content\/themes\/tecla-site2023\/assets\/images\/smile-green.png\" alt=\"\">\r\n    <\/div>\r\n<\/section>\n\n\r\n\r\n<section id=\"contato\" class=\"py-[13vw] xl:py-[12vh] bg-tecladark g-contato-section\">\r\n    <div class=\"container px-4 xl:px-[87px]\">\r\n        <div class=\"flex justify-between gap-4 lg:gap-8 3xl:gap-0 mb-10 lg:mb-[12vh] overflow-hidden\">\r\n\r\n            <figure class=\"max-w-[30%] md:max-w-[25%]\">\r\n                <a href=\"https:\/\/www.instagram.com\/teclamusicagency\/\" target=\"_blank\" rel=\"noopener\">\r\n                    <img decoding=\"async\" class=\"animate-spin-reverse-slow\" src=\"https:\/\/teclamusic.com\/wp-content\/themes\/tecla-site2023\/assets\/images\/disc-instagram.png\" alt=\"\">\r\n                <\/a>\r\n            <\/figure>\r\n            <figure class=\"max-w-[30%] md:max-w-[25%]\">\r\n                <a class=\"disc-onda-news\" href=\"javascript:;\">\r\n                    <img decoding=\"async\" class=\"animate-spin-reverse-slow\" src=\"https:\/\/teclamusic.com\/wp-content\/themes\/tecla-site2023\/assets\/images\/disc-newsletter.png\" alt=\"\">\r\n                <\/a>\r\n            <\/figure>\r\n\r\n                            <figure class=\"max-w-[30%] md:max-w-[25%]\">\r\n                    <a href=\"https:\/\/teclamusic.com.br\/blog\/\">\r\n                        <img decoding=\"async\" class=\"animate-spin-reverse-slow\" src=\"https:\/\/teclamusic.com\/wp-content\/themes\/tecla-site2023\/assets\/images\/disc-blog.png\" alt=\"\">\r\n                    <\/a>\r\n                <\/figure>\r\n            \r\n                    <\/div>\r\n\r\n        <div class=\"flex flex-col items-start justify-between xl:flex-row\">\r\n            <div class=\"xl:max-w-[444px] xl:w-4\/5\">\r\n                <div class=\"flex flex-col sm:flex-row flex-wrap justify-center xl:justify-normal xl:flex-col gap-4 md:gap-4 mb-[37px] sm:mb-[85px] text-[6vw] md:text-5xl\">\r\n                    <a class=\"font-medium leading-none uppercase hover:font-bold\" href=\"https:\/\/open.spotify.com\/user\/teclamusic?si=d4c031c4be4c4b13&#038;nd=1\" target=\"_blank\" rel=\"noopener\">spotify<\/a>\r\n                    <a class=\"font-medium leading-none uppercase hover:font-bold\" href=\"https:\/\/www.deezer.com\/en\/profile\/1445087386\" target=\"_blank\" rel=\"noopener\">Deezer<\/a>\r\n                    <a class=\"font-medium leading-none uppercase hover:font-bold\" href=\"https:\/\/www.youtube.com\/channel\/UCGn23QeScLqyv1L0nw0XZTw\/playlists\" target=\"_blank\" rel=\"noopener\">youtube<\/a>\r\n                    <a class=\"font-medium leading-none uppercase hover:font-bold\" href=\"https:\/\/www.linkedin.com\/company\/teclamusicagency\" target=\"_blank\" rel=\"noopener\">linkedin<\/a>\r\n                    <a class=\"font-medium leading-none uppercase hover:font-bold\" href=\"https:\/\/www.tiktok.com\/@teclamusicagency\" target=\"_blank\" rel=\"noopener\">tiktok<\/a>\r\n                <\/div>\r\n\r\n                                    <div class=\"flex flex-wrap justify-between\">\r\n                                                    <p class=\"font-medium text-xl uppercase mb-5 leading-[1.3]\">\r\n                                \r\n                                                                    <a href=\"mailto:CONTATO@TECLAMUSIC.COM\">CONTATO@TECLAMUSIC.COM<\/a><br \/>\r\n                                \r\n                                                                    <span class=\"font-light\">+55 21 34371666<\/span>\r\n                                                            <\/p>\r\n                                                    <p class=\"font-medium text-xl uppercase mb-5 leading-[1.3]\">\r\n                                                                    SUPORTE TECLA MUSIC PLAYER<br \/>\r\n                                \r\n                                \r\n                                                                    <a class=\"block font-light\" href=\"https:\/\/api.whatsapp.com\/send\/?phone=5521969243820\" target=\"_blank\" rel=\"noopener\">\r\n                                        +55 21 969243820                                    <\/a>\r\n                                    <a href=\"https:\/\/api.whatsapp.com\/send\/?phone=5521969243820\" target=\"_blank\" rel=\"noopener\">\r\n                                        <span class=\"inline-flex items-center gap-2 font-light\">\r\n                                            MANDE UM WHATSAPP <svg xmlns=\"http:\/\/www.w3.org\/2000\/svg\" viewBox=\"0 0 16.233 19.743\" class=\"fill-current h-[20px] text-teclatexts\">\n    <g data-name=\"Group 35\">\n        <path d=\"M16.233 9.872 0 .001v19.743Z\" data-name=\"Path 72\" \/>\n        <path d=\"M16.233 19.743h-1.752V0h1.752z\" data-name=\"Rectangle 48\" \/>\n    <\/g>\n<\/svg>                                        <\/span>\r\n                                    <\/a>\r\n\r\n                                                            <\/p>\r\n                                            <\/div>\r\n                            <\/div>\r\n\r\n            <div class=\"w-full xl:max-w-[50%] border border-teclatexts g-contato-target\">\r\n                <div class=\"flex items-center gap-4 py-6 px-5 md:px-[30px] border-b border-teclatexts\">\r\n                    <img decoding=\"async\" class=\"inline w-1\/5 max-w-[141px]\" src=\"https:\/\/teclamusic.com\/wp-content\/themes\/tecla-site2023\/assets\/images\/wave-small-white.png\" alt=\"\">\r\n                    <h4 class=\"uppercase text-[6vw] md:text-3xl leading-none\">FALA COM A GENTE<\/h4>\r\n                <\/div>\r\n                <!-- <form action=\"\" @submit.prevent=\"doSubmit\" id=\"contactForm\">\r\n                    <div class=\"flex flex-col border-b sm:flex-row border-teclatexts\">\r\n                        <div class=\"w-full border-b sm:border-b-0 sm:border-r sm:w-2\/5 border-teclatexts\">\r\n                            <label for=\"nome\">\r\n                                <input class=\"input-contato\" type=\"text\" placeholder=\"nome\" v-model=\"form.nome\">\r\n                            <\/label>\r\n                        <\/div>\r\n                        <div class=\"sm:w-3\/5\">\r\n                            <label for=\"email\">\r\n                                <input class=\"input-contato\" type=\"email\" placeholder=\"email\" v-model=\"form.email\">\r\n                            <\/label>\r\n                        <\/div>\r\n                    <\/div>\r\n                    <div class=\"w-full border-b border-teclatext\">\r\n                        <label for=\"assunto\">\r\n                            <input class=\"input-contato\" type=\"text\" placeholder=\"assunto\" v-model=\"form.assunto\">\r\n                        <\/label>\r\n                    <\/div>\r\n                    <div class=\"w-full\">\r\n                        <label for=\"assunto\">\r\n                            <textarea class=\"input-textarea\" name=\"mensagem\" id=\"\" placeholder=\"mensagem\" v-model=\"form.mensagem\"><\/textarea>\r\n                        <\/label>\r\n                    <\/div>\r\n\r\n                    <button class=\"flex justify-end items-center gap-3 w-full uppercase text-[4vw] sm:text-xl border-teclatexts border-t leading-none p-4 sm:p-7\" type=\"submit\" :class=\"{'bg-teclatexts text-tecladark': formIsValid }\">\r\n                        enviar\r\n                        <span :class=\"{'text-tecladark': formIsValid, 'text-teclatexts': !formIsValid}\"><svg xmlns=\"http:\/\/www.w3.org\/2000\/svg\" viewBox=\"0 0 16.233 19.743\" class=\"fill-current h-[20px]\">\n    <g data-name=\"Group 35\">\n        <path d=\"M16.233 9.872 0 .001v19.743Z\" data-name=\"Path 72\" \/>\n        <path d=\"M16.233 19.743h-1.752V0h1.752z\" data-name=\"Rectangle 48\" \/>\n    <\/g>\n<\/svg><\/span>\r\n                    <\/button>\r\n                <\/form> -->\r\n\r\n                \n<div class=\"wpcf7 no-js\" id=\"wpcf7-f368-o1\" lang=\"pt-BR\" dir=\"ltr\" data-wpcf7-id=\"368\">\n<div class=\"screen-reader-response\"><p role=\"status\" aria-live=\"polite\" aria-atomic=\"true\"><\/p> <ul><\/ul><\/div>\n<form action=\"\/en\/wp-json\/wp\/v2\/pages\/501#wpcf7-f368-o1\" method=\"post\" class=\"wpcf7-form init\" aria-label=\"Formul\u00e1rios de contato\" novalidate=\"novalidate\" data-status=\"init\">\n<fieldset class=\"hidden-fields-container\"><input type=\"hidden\" name=\"_wpcf7\" value=\"368\" \/><input type=\"hidden\" name=\"_wpcf7_version\" value=\"6.1.5\" \/><input type=\"hidden\" name=\"_wpcf7_locale\" value=\"pt_BR\" \/><input type=\"hidden\" name=\"_wpcf7_unit_tag\" value=\"wpcf7-f368-o1\" \/><input type=\"hidden\" name=\"_wpcf7_container_post\" value=\"0\" \/><input type=\"hidden\" name=\"_wpcf7_posted_data_hash\" value=\"\" \/><input type=\"hidden\" name=\"_wpcf7cf_hidden_group_fields\" value=\"[]\" \/><input type=\"hidden\" name=\"_wpcf7cf_hidden_groups\" value=\"[]\" \/><input type=\"hidden\" name=\"_wpcf7cf_visible_groups\" value=\"[]\" \/><input type=\"hidden\" name=\"_wpcf7cf_repeaters\" value=\"[]\" \/><input type=\"hidden\" name=\"_wpcf7cf_steps\" value=\"{}\" \/><input type=\"hidden\" name=\"_wpcf7cf_options\" value=\"{&quot;form_id&quot;:368,&quot;conditions&quot;:[{&quot;then_field&quot;:&quot;submit-button&quot;,&quot;and_rules&quot;:[{&quot;if_field&quot;:&quot;nome&quot;,&quot;operator&quot;:&quot;not equals&quot;,&quot;if_value&quot;:&quot;&quot;},{&quot;if_field&quot;:&quot;email&quot;,&quot;operator&quot;:&quot;not equals&quot;,&quot;if_value&quot;:&quot;&quot;},{&quot;if_field&quot;:&quot;assunto&quot;,&quot;operator&quot;:&quot;not equals&quot;,&quot;if_value&quot;:&quot;&quot;},{&quot;if_field&quot;:&quot;mensagem&quot;,&quot;operator&quot;:&quot;not equals&quot;,&quot;if_value&quot;:&quot;&quot;}]},{&quot;then_field&quot;:&quot;button-no-submit&quot;,&quot;and_rules&quot;:[{&quot;if_field&quot;:&quot;nome&quot;,&quot;operator&quot;:&quot;equals&quot;,&quot;if_value&quot;:&quot;&quot;}]},{&quot;then_field&quot;:&quot;button-no-submit&quot;,&quot;and_rules&quot;:[{&quot;if_field&quot;:&quot;email&quot;,&quot;operator&quot;:&quot;equals&quot;,&quot;if_value&quot;:&quot;&quot;}]},{&quot;then_field&quot;:&quot;button-no-submit&quot;,&quot;and_rules&quot;:[{&quot;if_field&quot;:&quot;assunto&quot;,&quot;operator&quot;:&quot;equals&quot;,&quot;if_value&quot;:&quot;&quot;}]},{&quot;then_field&quot;:&quot;button-no-submit&quot;,&quot;and_rules&quot;:[{&quot;if_field&quot;:&quot;mensagem&quot;,&quot;operator&quot;:&quot;equals&quot;,&quot;if_value&quot;:&quot;&quot;}]}],&quot;settings&quot;:{&quot;animation&quot;:&quot;yes&quot;,&quot;animation_intime&quot;:200,&quot;animation_outtime&quot;:200,&quot;conditions_ui&quot;:&quot;normal&quot;,&quot;notice_dismissed&quot;:false}}\" \/><input type=\"hidden\" name=\"_wpcf7_recaptcha_response\" value=\"\" \/>\n<\/fieldset>\n<div data-id=\"button-no-submit\" data-orig_data_id=\"button-no-submit\" data-clear_on_hide class=\"\" data-class=\"wpcf7cf_group\"><\/div><div class=\"flex flex-col border-b sm:flex-row border-teclatexts\">\n                        <div class=\"w-full border-b sm:border-b-0 sm:border-r sm:w-2\/5 border-teclatexts\">\n                            <label for=\"nome\">\n                                <span class=\"wpcf7-form-control-wrap\" data-name=\"nome\"><input size=\"40\" maxlength=\"400\" class=\"wpcf7-form-control wpcf7-text wpcf7-validates-as-required input-contato\" aria-required=\"true\" aria-invalid=\"false\" placeholder=\"Nome\" value=\"\" type=\"text\" name=\"nome\" \/><\/span>\n                            <\/label>\n                        <\/div>\n                        <div class=\"sm:w-3\/5\">\n                            <label for=\"email\">\n                                <span class=\"wpcf7-form-control-wrap\" data-name=\"email\"><input size=\"40\" maxlength=\"400\" class=\"wpcf7-form-control wpcf7-email wpcf7-validates-as-required wpcf7-text wpcf7-validates-as-email input-contato\" aria-required=\"true\" aria-invalid=\"false\" placeholder=\"Email\" value=\"\" type=\"email\" name=\"email\" \/><\/span>\n                            <\/label>\n                        <\/div>\n                    <\/div>\n                    <div class=\"w-full border-b border-teclatext\">\n                        <label for=\"assunto\">\n                            <span class=\"wpcf7-form-control-wrap\" data-name=\"assunto\"><input size=\"40\" maxlength=\"400\" class=\"wpcf7-form-control wpcf7-text wpcf7-validates-as-required input-contato\" aria-required=\"true\" aria-invalid=\"false\" placeholder=\"Assunto\" value=\"\" type=\"text\" name=\"assunto\" \/><\/span>\n                        <\/label>\n                    <\/div>\n                    <div class=\"w-full border-b border-teclatext\">\n                        <label for=\"mensagem\">\n                            <span class=\"wpcf7-form-control-wrap\" data-name=\"mensagem\"><textarea cols=\"40\" rows=\"10\" maxlength=\"2000\" class=\"wpcf7-form-control wpcf7-textarea input-textarea\" aria-invalid=\"false\" name=\"mensagem\"><\/textarea><\/span>\n                        <\/label>\n                    <\/div>\n                    <div class=\"w-full\">\n                        <label class=\"checkbox-custom\">\n                            <input name=\"_mc4wp_subscribe_contact-form-7\" type=\"checkbox\" checked=\"checked\">\n                            <span class=\"checkmark\"><\/span>\n                            <!-- <span>ACEITO RECEBER NOVIDADES POR EMAIL<\/span> -->\n\n                            <!-- Mailchimp for WordPress v4.12.2 - https:\/\/www.mc4wp.com\/ --><input type=\"hidden\" name=\"_mc4wp_subscribe_contact-form-7\" value=\"0\" \/><span class=\"mc4wp-checkbox mc4wp-checkbox-contact-form-7 \"><label><input type=\"checkbox\" name=\"_mc4wp_subscribe_contact-form-7\" value=\"1\" ><span>ACEITO RECEBER NOVIDADES POR EMAIL<\/span><\/label><\/span><!-- \/ Mailchimp for WordPress -->\n                        <\/label>\n                    <\/div>\n\n<div data-id=\"submit-button\" data-orig_data_id=\"submit-button\"  class=\"\" data-class=\"wpcf7cf_group\">\n                    <button class=\"flex justify-end items-center gap-3 w-full uppercase text-[4vw] sm:text-xl border-teclatexts border-t leading-none p-4 sm:p-7 bg-teclatexts text-tecladark\" type=\"submit\">\n                        enviar\n                        \n                    <\/button>\n<\/div>\n<div data-id=\"button-no-submit\" data-orig_data_id=\"button-no-submit\"  class=\"\" data-class=\"wpcf7cf_group\">\n<div class=\"flex justify-end items-center gap-3 w-full uppercase text-[4vw] sm:text-xl border-teclatexts border-t leading-none p-4 sm:p-7\">\n                        enviar\n                        \n                    <\/div>\n<\/div><div class=\"wpcf7-response-output\" aria-hidden=\"true\"><\/div>\n<\/form>\n<\/div>\n            <\/div>\r\n        <\/div>\r\n    <\/div>\r\n<\/section>\r\n\r\n","protected":false},"excerpt":{"rendered":"","protected":false},"author":1,"featured_media":0,"parent":0,"menu_order":0,"comment_status":"closed","ping_status":"closed","template":"page-somos.php","meta":{"footnotes":""},"class_list":["post-501","page","type-page","status-publish","hentry"],"acf":[],"_links":{"self":[{"href":"https:\/\/teclamusic.com\/en\/wp-json\/wp\/v2\/pages\/501","targetHints":{"allow":["GET"]}}],"collection":[{"href":"https:\/\/teclamusic.com\/en\/wp-json\/wp\/v2\/pages"}],"about":[{"href":"https:\/\/teclamusic.com\/en\/wp-json\/wp\/v2\/types\/page"}],"author":[{"embeddable":true,"href":"https:\/\/teclamusic.com\/en\/wp-json\/wp\/v2\/users\/1"}],"replies":[{"embeddable":true,"href":"https:\/\/teclamusic.com\/en\/wp-json\/wp\/v2\/comments?post=501"}],"version-history":[{"count":12,"href":"https:\/\/teclamusic.com\/en\/wp-json\/wp\/v2\/pages\/501\/revisions"}],"predecessor-version":[{"id":1133,"href":"https:\/\/teclamusic.com\/en\/wp-json\/wp\/v2\/pages\/501\/revisions\/1133"}],"wp:attachment":[{"href":"https:\/\/teclamusic.com\/en\/wp-json\/wp\/v2\/media?parent=501"}],"curies":[{"name":"wp","href":"https:\/\/api.w.org\/{rel}","templated":true}]}}